{"id":763,"date":"2019-05-01T13:59:20","date_gmt":"2019-05-01T13:59:20","guid":{"rendered":"https:\/\/schneider-medical.com\/service"},"modified":"2019-06-06T17:33:39","modified_gmt":"2019-06-06T15:33:39","slug":"servicio","status":"publish","type":"page","link":"https:\/\/schneider-medical.com\/es\/servicio","title":{"rendered":"Servicio"},"content":{"rendered":"\n<div class=\"wpcf7 no-js\" id=\"wpcf7-f1139-o1\" lang=\"en-US\" dir=\"ltr\" data-wpcf7-id=\"1139\">\n<div class=\"screen-reader-response\"><p role=\"status\" aria-live=\"polite\" aria-atomic=\"true\"><\/p> <ul><\/ul><\/div>\n<form action=\"\/es\/wp-json\/wp\/v2\/pages\/763#wpcf7-f1139-o1\" method=\"post\" class=\"wpcf7-form init\" aria-label=\"Contact form\" novalidate=\"novalidate\" data-status=\"init\">\n<fieldset class=\"hidden-fields-container\"><input type=\"hidden\" name=\"_wpcf7\" value=\"1139\" \/><input type=\"hidden\" name=\"_wpcf7_version\" value=\"6.1.4\" \/><input type=\"hidden\" name=\"_wpcf7_locale\" value=\"en_US\" \/><input type=\"hidden\" name=\"_wpcf7_unit_tag\" value=\"wpcf7-f1139-o1\" \/><input type=\"hidden\" name=\"_wpcf7_container_post\" value=\"0\" \/><input type=\"hidden\" name=\"_wpcf7_posted_data_hash\" value=\"\" \/>\n<\/fieldset>\n<div class=\"form service-form\">\n\t<div class=\"white-space2\">\n\t<\/div>\n\t<div class=\"form__col1\">\n\t\t<p><span class=\"wpcf7-form-control-wrap\" data-name=\"f-kundenummer\"><input size=\"40\" maxlength=\"400\" class=\"wpcf7-form-control wpcf7-text\" aria-invalid=\"false\" placeholder=\"N\u00famero de cliente (ver factura)\" value=\"\" type=\"text\" name=\"f-kundenummer\" \/><\/span>\n\t\t<\/p>\n\t<\/div>\n\t<div class=\"form__col2\">\n\t\t<p><span class=\"wpcf7-form-control-wrap\" data-name=\"f-praxis\"><input size=\"40\" maxlength=\"400\" class=\"wpcf7-form-control wpcf7-text\" aria-invalid=\"false\" placeholder=\"Consultorio m\u00e9dico \/ instituci\u00f3n \/ empresa\" value=\"\" type=\"text\" name=\"f-praxis\" \/><\/span>\n\t\t<\/p>\n\t<\/div>\n\t<div class=\"clear\">\n\t<\/div>\n\t<div class=\"form__col1\">\n\t\t<p><span class=\"wpcf7-form-control-wrap\" data-name=\"your-name\"><input size=\"40\" maxlength=\"400\" class=\"wpcf7-form-control wpcf7-text\" aria-invalid=\"false\" placeholder=\"Persona de contacto\" value=\"\" type=\"text\" name=\"your-name\" \/><\/span>\n\t\t<\/p>\n\t<\/div>\n\t<div class=\"form__col2\">\n\t\t<p><span class=\"wpcf7-form-control-wrap\" data-name=\"your-email\"><input size=\"40\" maxlength=\"400\" class=\"wpcf7-form-control wpcf7-email wpcf7-validates-as-required wpcf7-text wpcf7-validates-as-email\" aria-required=\"true\" aria-invalid=\"false\" placeholder=\"Su correo electr\u00f3nico*\" value=\"\" type=\"email\" name=\"your-email\" \/><\/span>\n\t\t<\/p>\n\t<\/div>\n\t<div class=\"clear\">\n\t<\/div>\n\t<div class=\"form__col1\">\n\t\t<p><span class=\"wpcf7-form-control-wrap\" data-name=\"f-invoice\"><input size=\"40\" maxlength=\"400\" class=\"wpcf7-form-control wpcf7-text\" aria-invalid=\"false\" placeholder=\"N\u00famero de factura\" value=\"\" type=\"text\" name=\"f-invoice\" \/><\/span>\n\t\t<\/p>\n\t<\/div>\n\t<div class=\"form__col2\">\n\t\t<p><span class=\"wpcf7-form-control-wrap\" data-name=\"f-art\"><input size=\"40\" maxlength=\"400\" class=\"wpcf7-form-control wpcf7-text\" aria-invalid=\"false\" placeholder=\"Art\u00edculo (REF.)\" value=\"\" type=\"text\" name=\"f-art\" \/><\/span>\n\t\t<\/p>\n\t<\/div>\n\t<div class=\"clear\">\n\t<\/div>\n\t<p><span class=\"wpcf7-form-control-wrap\" data-name=\"f-lot\"><input size=\"40\" maxlength=\"400\" class=\"wpcf7-form-control wpcf7-text\" aria-invalid=\"false\" placeholder=\"N\u00famero de lote (LOT)\" value=\"\" type=\"text\" name=\"f-lot\" \/><\/span>\n\t<\/p>\n\t<p><span class=\"wpcf7-form-control-wrap\" data-name=\"your-message\"><textarea cols=\"40\" rows=\"10\" maxlength=\"2000\" class=\"wpcf7-form-control wpcf7-textarea wpcf7-validates-as-required\" aria-required=\"true\" aria-invalid=\"false\" placeholder=\"Descripci\u00f3n detallada del error.*\" name=\"your-message\"><\/textarea><\/span>\n\t<\/p>\n\t<p><span class=\"wpcf7-form-control-wrap\" data-name=\"select-issue\"><select class=\"wpcf7-form-control wpcf7-select\" aria-invalid=\"false\" name=\"select-issue\"><option value=\"\u00bfC\u00f3mo y cu\u00e1ndo ocurri\u00f3 el problema?\">\u00bfC\u00f3mo y cu\u00e1ndo ocurri\u00f3 el problema?<\/option><option value=\"espor\u00e1dicamente\">espor\u00e1dicamente<\/option><option value=\"constantemente\">constantemente<\/option><\/select><\/span>\n\t<\/p>\n\t<p><b>Datos adjuntos:<\/b>\n\t<\/p>\n\t<p>Aqu\u00ed tiene la posibilidad de adjuntar fotos o documentos PDF.\n\t<\/p>\n\t<p><span class=\"wpcf7-form-control-wrap\" data-name=\"file-attachments\"><input size=\"40\" class=\"wpcf7-form-control wpcf7-drag-n-drop-file d-none\" aria-invalid=\"false\" type=\"file\" multiple=\"multiple\" data-name=\"file-attachments\" data-type=\"jpg|jpeg|png|gif|tiff|bmp|pdf\" data-limit=\"5242880\" data-id=\"1139\" data-version=\"free version 1.3.9.3\" accept=\".jpg, .jpeg, .png, .gif, .tiff, .bmp, .pdf\" \/><\/span>\n\t<\/p>\n\t<p><span class=\"wpcf7-form-control-wrap\" data-name=\"checkbox-745\"><span class=\"wpcf7-form-control wpcf7-checkbox wpcf7-validates-as-required\"><span class=\"wpcf7-list-item first last\"><label><input type=\"checkbox\" name=\"checkbox-745[]\" value=\"Autorizo a Schneider Medical GmbH a que recopile y trate los siguientes datos: nombre, apellidos, direcci\u00f3n postal, nombre de la empresa, tel\u00e9fono, direcci\u00f3n de correo electr\u00f3nico, direcci\u00f3n IP, identificaci\u00f3n en l\u00ednea y mensajes personales*.\" \/><span class=\"wpcf7-list-item-label\">Autorizo a Schneider Medical GmbH a que recopile y trate los siguientes datos: nombre, apellidos, direcci\u00f3n postal, nombre de la empresa, tel\u00e9fono, direcci\u00f3n de correo electr\u00f3nico, direcci\u00f3n IP, identificaci\u00f3n en l\u00ednea y mensajes personales*.<\/span><\/label><\/span><\/span><\/span><br \/>\nS\u00cd, he le\u00eddo la <a href=\"https:\/\/schneider-medical.com\/es\/politica-de-privacidad\">Pol\u00edtica de privacidad<\/a> de este sitio web y acepto expresamente que se recopilen y almacenen de forma electr\u00f3nica los datos facilitados por mi parte. Mis datos se utilizar\u00e1n \u00fanicamente para tramitar y responder a mis solicitudes. Nota: Podr\u00e1 revocar su consentimiento en cualquier momento con car\u00e1cter prospectivo enviando un correo electr\u00f3nico a <a href=\"mailto:hello@schneider-medical.com\">hello@schneider-medical.com<\/a>\n\t<\/p>\n\t<p>Los campos marcados con un asterisco (*) son obligatorios.\n\t<\/p>\n\t<p class=\"relative\"><input class=\"wpcf7-form-control wpcf7-submit has-spinner button\" type=\"submit\" value=\"Enviar mensaje\" \/>\n\t<\/p>\n\t<div class=\"white-space\">\n\t<\/div>\n\t<p>Aviso de privacidad: Los datos personales facilitados por su parte se utilizar\u00e1n exclusivamente para tratar sus solicitudes y comunicaciones. Los datos introducidos solo se enviar\u00e1n cuando usted pulse el bot\u00f3n \u00abEnviar\u00bb. Estos datos no se transmitir\u00e1n a terceros. Conservaremos los datos enviados por usted a trav\u00e9s del formulario de contacto hasta que solicite su supresi\u00f3n, retire su consentimiento para la conservaci\u00f3n de estos o deje de ser relevante la finalidad de conservaci\u00f3n de los datos (por ejemplo, tras completar la tramitaci\u00f3n de su solicitud). Esto no afecta a las disposiciones legales obligatorias, especialmente en lo que respecta a los plazos de conservaci\u00f3n\n\t<\/p>\n\t<p>Si desea m\u00e1s informaci\u00f3n, consulte nuestra <a href=\"https:\/\/schneider-medical.com\/es\/politica-de-privacidad\">Pol\u00edtica de privacidad<\/a>.\n\t<\/p>\n<\/div><div class=\"wpcf7-response-output\" aria-hidden=\"true\"><\/div>\n<\/form>\n<\/div>\n\n","protected":false},"excerpt":{"rendered":"","protected":false},"author":3,"featured_media":0,"parent":0,"menu_order":0,"comment_status":"closed","ping_status":"closed","template":"page-templates\/sidebar-page.php","meta":{"_acf_changed":false,"inline_featured_image":false,"footnotes":""},"class_list":["post-763","page","type-page","status-publish","hentry"],"acf":[],"yoast_head":"<!-- This site is optimized with the Yoast SEO plugin v26.7 - https:\/\/yoast.com\/wordpress\/plugins\/seo\/ -->\n<title>Servicio - Schneider Medical<\/title>\n<meta name=\"robots\" content=\"index, follow, max-snippet:-1, max-image-preview:large, max-video-preview:-1\" \/>\n<link rel=\"canonical\" href=\"https:\/\/schneider-medical.com\/es\/servicio\" \/>\n<meta property=\"og:locale\" content=\"es_ES\" \/>\n<meta property=\"og:type\" content=\"article\" \/>\n<meta property=\"og:title\" content=\"Servicio - Schneider Medical\" \/>\n<meta property=\"og:url\" content=\"https:\/\/schneider-medical.com\/es\/servicio\" \/>\n<meta property=\"og:site_name\" content=\"Schneider Medical\" \/>\n<meta property=\"article:modified_time\" content=\"2019-06-06T15:33:39+00:00\" \/>\n<meta name=\"twitter:card\" content=\"summary_large_image\" \/>\n<script type=\"application\/ld+json\" class=\"yoast-schema-graph\">{\"@context\":\"https:\/\/schema.org\",\"@graph\":[{\"@type\":\"WebPage\",\"@id\":\"https:\/\/schneider-medical.com\/es\/servicio\",\"url\":\"https:\/\/schneider-medical.com\/es\/servicio\",\"name\":\"Servicio - Schneider Medical\",\"isPartOf\":{\"@id\":\"https:\/\/schneider-medical.com\/#website\"},\"datePublished\":\"2019-05-01T13:59:20+00:00\",\"dateModified\":\"2019-06-06T15:33:39+00:00\",\"breadcrumb\":{\"@id\":\"https:\/\/schneider-medical.com\/es\/servicio#breadcrumb\"},\"inLanguage\":\"es\",\"potentialAction\":[{\"@type\":\"ReadAction\",\"target\":[\"https:\/\/schneider-medical.com\/es\/servicio\"]}]},{\"@type\":\"BreadcrumbList\",\"@id\":\"https:\/\/schneider-medical.com\/es\/servicio#breadcrumb\",\"itemListElement\":[{\"@type\":\"ListItem\",\"position\":1,\"name\":\"Home\",\"item\":\"https:\/\/schneider-medical.com\/es\"},{\"@type\":\"ListItem\",\"position\":2,\"name\":\"Servicio\"}]},{\"@type\":\"WebSite\",\"@id\":\"https:\/\/schneider-medical.com\/#website\",\"url\":\"https:\/\/schneider-medical.com\/\",\"name\":\"Schneider Medical\",\"description\":\"Schmerzen lindern und Wohlbefinden mehren\",\"potentialAction\":[{\"@type\":\"SearchAction\",\"target\":{\"@type\":\"EntryPoint\",\"urlTemplate\":\"https:\/\/schneider-medical.com\/?s={search_term_string}\"},\"query-input\":{\"@type\":\"PropertyValueSpecification\",\"valueRequired\":true,\"valueName\":\"search_term_string\"}}],\"inLanguage\":\"es\"}]}<\/script>\n<!-- \/ Yoast SEO plugin. -->","yoast_head_json":{"title":"Servicio - Schneider Medical","robots":{"index":"index","follow":"follow","max-snippet":"max-snippet:-1","max-image-preview":"max-image-preview:large","max-video-preview":"max-video-preview:-1"},"canonical":"https:\/\/schneider-medical.com\/es\/servicio","og_locale":"es_ES","og_type":"article","og_title":"Servicio - Schneider Medical","og_url":"https:\/\/schneider-medical.com\/es\/servicio","og_site_name":"Schneider Medical","article_modified_time":"2019-06-06T15:33:39+00:00","twitter_card":"summary_large_image","schema":{"@context":"https:\/\/schema.org","@graph":[{"@type":"WebPage","@id":"https:\/\/schneider-medical.com\/es\/servicio","url":"https:\/\/schneider-medical.com\/es\/servicio","name":"Servicio - Schneider Medical","isPartOf":{"@id":"https:\/\/schneider-medical.com\/#website"},"datePublished":"2019-05-01T13:59:20+00:00","dateModified":"2019-06-06T15:33:39+00:00","breadcrumb":{"@id":"https:\/\/schneider-medical.com\/es\/servicio#breadcrumb"},"inLanguage":"es","potentialAction":[{"@type":"ReadAction","target":["https:\/\/schneider-medical.com\/es\/servicio"]}]},{"@type":"BreadcrumbList","@id":"https:\/\/schneider-medical.com\/es\/servicio#breadcrumb","itemListElement":[{"@type":"ListItem","position":1,"name":"Home","item":"https:\/\/schneider-medical.com\/es"},{"@type":"ListItem","position":2,"name":"Servicio"}]},{"@type":"WebSite","@id":"https:\/\/schneider-medical.com\/#website","url":"https:\/\/schneider-medical.com\/","name":"Schneider Medical","description":"Schmerzen lindern und Wohlbefinden mehren","potentialAction":[{"@type":"SearchAction","target":{"@type":"EntryPoint","urlTemplate":"https:\/\/schneider-medical.com\/?s={search_term_string}"},"query-input":{"@type":"PropertyValueSpecification","valueRequired":true,"valueName":"search_term_string"}}],"inLanguage":"es"}]}},"_links":{"self":[{"href":"https:\/\/schneider-medical.com\/es\/wp-json\/wp\/v2\/pages\/763","targetHints":{"allow":["GET"]}}],"collection":[{"href":"https:\/\/schneider-medical.com\/es\/wp-json\/wp\/v2\/pages"}],"about":[{"href":"https:\/\/schneider-medical.com\/es\/wp-json\/wp\/v2\/types\/page"}],"author":[{"embeddable":true,"href":"https:\/\/schneider-medical.com\/es\/wp-json\/wp\/v2\/users\/3"}],"replies":[{"embeddable":true,"href":"https:\/\/schneider-medical.com\/es\/wp-json\/wp\/v2\/comments?post=763"}],"version-history":[{"count":1,"href":"https:\/\/schneider-medical.com\/es\/wp-json\/wp\/v2\/pages\/763\/revisions"}],"predecessor-version":[{"id":1140,"href":"https:\/\/schneider-medical.com\/es\/wp-json\/wp\/v2\/pages\/763\/revisions\/1140"}],"wp:attachment":[{"href":"https:\/\/schneider-medical.com\/es\/wp-json\/wp\/v2\/media?parent=763"}],"curies":[{"name":"wp","href":"https:\/\/api.w.org\/{rel}","templated":true}]}}