{"id":717,"date":"2019-05-01T13:58:57","date_gmt":"2019-05-01T13:58:57","guid":{"rendered":"https:\/\/schneider-medical.com\/kontakt"},"modified":"2019-06-06T17:01:50","modified_gmt":"2019-06-06T15:01:50","slug":"kontakt","status":"publish","type":"page","link":"https:\/\/schneider-medical.com\/fr\/kontakt","title":{"rendered":"Contact"},"content":{"rendered":"\n<div class=\"wpcf7 no-js\" id=\"wpcf7-f1134-o1\" lang=\"en-US\" dir=\"ltr\" data-wpcf7-id=\"1134\">\n<div class=\"screen-reader-response\"><p role=\"status\" aria-live=\"polite\" aria-atomic=\"true\"><\/p> <ul><\/ul><\/div>\n<form action=\"\/fr\/wp-json\/wp\/v2\/pages\/717#wpcf7-f1134-o1\" method=\"post\" class=\"wpcf7-form init\" aria-label=\"Contact form\" novalidate=\"novalidate\" data-status=\"init\">\n<fieldset class=\"hidden-fields-container\"><input type=\"hidden\" name=\"_wpcf7\" value=\"1134\" \/><input type=\"hidden\" name=\"_wpcf7_version\" value=\"6.1.4\" \/><input type=\"hidden\" name=\"_wpcf7_locale\" value=\"en_US\" \/><input type=\"hidden\" name=\"_wpcf7_unit_tag\" value=\"wpcf7-f1134-o1\" \/><input type=\"hidden\" name=\"_wpcf7_container_post\" value=\"0\" \/><input type=\"hidden\" name=\"_wpcf7_posted_data_hash\" value=\"\" \/>\n<\/fieldset>\n<div class=\"form contact-form\">\n\t<div class=\"form__col1\">\n\t\t<p><span class=\"wpcf7-form-control-wrap\" data-name=\"f-firma\"><input size=\"40\" maxlength=\"400\" class=\"wpcf7-form-control wpcf7-text\" aria-invalid=\"false\" placeholder=\"Votre entreprise\" value=\"\" type=\"text\" name=\"f-firma\" \/><\/span>\n\t\t<\/p>\n\t<\/div>\n\t<div class=\"form__col2\">\n\t\t<p><span class=\"wpcf7-form-control-wrap\" data-name=\"select-anrede\"><select class=\"wpcf7-form-control wpcf7-select\" aria-invalid=\"false\" name=\"select-anrede\"><option value=\"Titre\">Titre<\/option><option value=\"M.\">M.<\/option><option value=\"Mme\">Mme<\/option><option value=\"Dr.\">Dr.<\/option><option value=\"Prof.\">Prof.<\/option><\/select><\/span>\n\t\t<\/p>\n\t<\/div>\n\t<div class=\"clear\">\n\t<\/div>\n\t<div class=\"form__col1\">\n\t\t<p><span class=\"wpcf7-form-control-wrap\" data-name=\"your-name\"><input size=\"40\" maxlength=\"400\" class=\"wpcf7-form-control wpcf7-text\" aria-invalid=\"false\" placeholder=\"Pr\u00e9nom\" value=\"\" type=\"text\" name=\"your-name\" \/><\/span>\n\t\t<\/p>\n\t<\/div>\n\t<div class=\"form__col2\">\n\t\t<p><span class=\"wpcf7-form-control-wrap\" data-name=\"your-lastname\"><input size=\"40\" maxlength=\"400\" class=\"wpcf7-form-control wpcf7-text\" aria-invalid=\"false\" placeholder=\"Nom de famille\" value=\"\" type=\"text\" name=\"your-lastname\" \/><\/span>\n\t\t<\/p>\n\t<\/div>\n\t<div class=\"clear\">\n\t<\/div>\n\t<div class=\"form__col1\">\n\t\t<p><span class=\"wpcf7-form-control-wrap\" data-name=\"your-email\"><input size=\"40\" maxlength=\"400\" class=\"wpcf7-form-control wpcf7-email wpcf7-validates-as-required wpcf7-text wpcf7-validates-as-email\" aria-required=\"true\" aria-invalid=\"false\" placeholder=\"Votre adresse email*\" value=\"\" type=\"email\" name=\"your-email\" \/><\/span>\n\t\t<\/p>\n\t<\/div>\n\t<div class=\"form__col2\">\n\t\t<p><span class=\"wpcf7-form-control-wrap\" data-name=\"f-tel\"><input size=\"40\" maxlength=\"400\" class=\"wpcf7-form-control wpcf7-text\" aria-invalid=\"false\" placeholder=\"Votre num\u00e9ro de t\u00e9l\u00e9phone\" value=\"\" type=\"text\" name=\"f-tel\" \/><\/span>\n\t\t<\/p>\n\t<\/div>\n\t<div class=\"clear\">\n\t<\/div>\n\t<p><span class=\"wpcf7-form-control-wrap\" data-name=\"f-betreff\"><input size=\"40\" maxlength=\"400\" class=\"wpcf7-form-control wpcf7-text\" aria-invalid=\"false\" placeholder=\"Sujet\" value=\"\" type=\"text\" name=\"f-betreff\" \/><\/span>\n\t<\/p>\n\t<p><span class=\"wpcf7-form-control-wrap\" data-name=\"your-message\"><textarea cols=\"40\" rows=\"10\" maxlength=\"2000\" class=\"wpcf7-form-control wpcf7-textarea wpcf7-validates-as-required\" aria-required=\"true\" aria-invalid=\"false\" placeholder=\"Votre message \u00e0 nous*\" name=\"your-message\"><\/textarea><\/span>\n\t<\/p>\n\t<p><span class=\"wpcf7-form-control-wrap\" data-name=\"checkbox-745\"><span class=\"wpcf7-form-control wpcf7-checkbox wpcf7-validates-as-required\"><span class=\"wpcf7-list-item first last\"><label><input type=\"checkbox\" name=\"checkbox-745[]\" value=\"En cochant cette case, je donne \u00e0 Schneider Medical GmbH mon consentement \u00e0 la collecte et au traitement des donn\u00e9es suivantes : nom, pr\u00e9nom, adresse, raison sociale, t\u00e9l\u00e9phone, adresse e-mail, adresse IP, identificateurs en ligne et message personnel.*\" \/><span class=\"wpcf7-list-item-label\">En cochant cette case, je donne \u00e0 Schneider Medical GmbH mon consentement \u00e0 la collecte et au traitement des donn\u00e9es suivantes : nom, pr\u00e9nom, adresse, raison sociale, t\u00e9l\u00e9phone, adresse e-mail, adresse IP, identificateurs en ligne et message personnel.*<\/span><\/label><\/span><\/span><\/span><br \/>\nOUI, j\u2019ai pris connaissance de la <a href=\"https:\/\/schneider-medical.com\/fr\/declaration-de-confidentialite\">D\u00e9claration de confidentialit\u00e9<\/a> relative au pr\u00e9sent site Internet et donne express\u00e9ment mon accord pour que les donn\u00e9es que je fournis soient collect\u00e9es et stock\u00e9es \u00e9lectroniquement. Mes donn\u00e9es seront uniquement utilis\u00e9es dans le cadre strictement d\u00e9fini du traitement de ma demande et de la r\u00e9ponse qui y est apport\u00e9e ! Remarque : vous pouvez retirer votre consentement \u00e0 tout moment avec effet pour l\u2019avenir en envoyant un e-mail \u00e0 l\u2019adresse <a href=\"mailto:hello@schneider-medical.com\">hello@schneider-medical.com<\/a>\n\t<\/p>\n\t<p>Les champs marqu\u00e9s d\u2019un ast\u00e9risque (*) sont obligatoires.\n\t<\/p>\n\t<p class=\"relative\"><input class=\"wpcf7-form-control wpcf7-submit has-spinner button\" type=\"submit\" value=\"Envoyer message\" \/>\n\t<\/p>\n\t<div class=\"white-space\">\n\t<\/div>\n\t<p>Remarque relative \u00e0 la protection des donn\u00e9es : les donn\u00e9es \u00e0 caract\u00e8re personnel que vous transmettez servent uniquement au traitement de vos demandes et messages. Les donn\u00e9es fournies sont uniquement transmises apr\u00e8s confirmation \u00e0 l\u2019aide du bouton \u00ab Envoyer \u00bb. Les donn\u00e9es ne sont pas mises \u00e0 disposition de tiers ! Nous conservons les donn\u00e9es que vous nous fournissez via le formulaire de contact jusqu\u2019\u00e0 ce que vous nous demandiez de les supprimer, jusqu\u2019\u00e0 ce que vous retiriez votre consentement \u00e0 l\u2019enregistrement des donn\u00e9es ou jusqu\u2019\u00e0 ce que la finalit\u00e9 relative \u00e0 l\u2019enregistrement des donn\u00e9es n\u2019ait plus lieu d\u2019\u00eatre (par exemple, une fois le traitement de votre demande effectu\u00e9). Les dispositions l\u00e9gales obligatoires - notamment les d\u00e9lais de prescription - restent inchang\u00e9es.\n\t<\/p>\n\t<p>Veuillez trouver d\u2019autres informations dans la <a href=\"https:\/\/schneider-medical.com\/fr\/declaration-de-confidentialite\">D\u00e9claration de confidentialit\u00e9<\/a>.\n\t<\/p>\n<\/div><div class=\"wpcf7-response-output\" aria-hidden=\"true\"><\/div>\n<\/form>\n<\/div>\n\n","protected":false},"excerpt":{"rendered":"","protected":false},"author":3,"featured_media":0,"parent":0,"menu_order":0,"comment_status":"closed","ping_status":"closed","template":"page-templates\/sidebar-page.php","meta":{"_acf_changed":false,"inline_featured_image":false,"footnotes":""},"class_list":["post-717","page","type-page","status-publish","hentry"],"acf":[],"yoast_head":"<!-- This site is optimized with the Yoast SEO plugin v26.7 - https:\/\/yoast.com\/wordpress\/plugins\/seo\/ -->\n<title>Contact - Schneider Medical<\/title>\n<meta name=\"robots\" content=\"index, follow, max-snippet:-1, max-image-preview:large, max-video-preview:-1\" \/>\n<link rel=\"canonical\" href=\"https:\/\/schneider-medical.com\/fr\/kontakt\" \/>\n<meta property=\"og:locale\" content=\"fr_FR\" \/>\n<meta property=\"og:type\" content=\"article\" \/>\n<meta property=\"og:title\" content=\"Contact - Schneider Medical\" \/>\n<meta property=\"og:url\" content=\"https:\/\/schneider-medical.com\/fr\/kontakt\" \/>\n<meta property=\"og:site_name\" content=\"Schneider Medical\" \/>\n<meta property=\"article:modified_time\" content=\"2019-06-06T15:01:50+00:00\" \/>\n<meta name=\"twitter:card\" content=\"summary_large_image\" \/>\n<script type=\"application\/ld+json\" class=\"yoast-schema-graph\">{\"@context\":\"https:\/\/schema.org\",\"@graph\":[{\"@type\":\"WebPage\",\"@id\":\"https:\/\/schneider-medical.com\/fr\/kontakt\",\"url\":\"https:\/\/schneider-medical.com\/fr\/kontakt\",\"name\":\"Contact - Schneider Medical\",\"isPartOf\":{\"@id\":\"https:\/\/schneider-medical.com\/#website\"},\"datePublished\":\"2019-05-01T13:58:57+00:00\",\"dateModified\":\"2019-06-06T15:01:50+00:00\",\"breadcrumb\":{\"@id\":\"https:\/\/schneider-medical.com\/fr\/kontakt#breadcrumb\"},\"inLanguage\":\"fr-FR\",\"potentialAction\":[{\"@type\":\"ReadAction\",\"target\":[\"https:\/\/schneider-medical.com\/fr\/kontakt\"]}]},{\"@type\":\"BreadcrumbList\",\"@id\":\"https:\/\/schneider-medical.com\/fr\/kontakt#breadcrumb\",\"itemListElement\":[{\"@type\":\"ListItem\",\"position\":1,\"name\":\"Home\",\"item\":\"https:\/\/schneider-medical.com\/fr\"},{\"@type\":\"ListItem\",\"position\":2,\"name\":\"Contact\"}]},{\"@type\":\"WebSite\",\"@id\":\"https:\/\/schneider-medical.com\/#website\",\"url\":\"https:\/\/schneider-medical.com\/\",\"name\":\"Schneider Medical\",\"description\":\"Schmerzen lindern und Wohlbefinden mehren\",\"potentialAction\":[{\"@type\":\"SearchAction\",\"target\":{\"@type\":\"EntryPoint\",\"urlTemplate\":\"https:\/\/schneider-medical.com\/?s={search_term_string}\"},\"query-input\":{\"@type\":\"PropertyValueSpecification\",\"valueRequired\":true,\"valueName\":\"search_term_string\"}}],\"inLanguage\":\"fr-FR\"}]}<\/script>\n<!-- \/ Yoast SEO plugin. -->","yoast_head_json":{"title":"Contact - Schneider Medical","robots":{"index":"index","follow":"follow","max-snippet":"max-snippet:-1","max-image-preview":"max-image-preview:large","max-video-preview":"max-video-preview:-1"},"canonical":"https:\/\/schneider-medical.com\/fr\/kontakt","og_locale":"fr_FR","og_type":"article","og_title":"Contact - Schneider Medical","og_url":"https:\/\/schneider-medical.com\/fr\/kontakt","og_site_name":"Schneider Medical","article_modified_time":"2019-06-06T15:01:50+00:00","twitter_card":"summary_large_image","schema":{"@context":"https:\/\/schema.org","@graph":[{"@type":"WebPage","@id":"https:\/\/schneider-medical.com\/fr\/kontakt","url":"https:\/\/schneider-medical.com\/fr\/kontakt","name":"Contact - Schneider Medical","isPartOf":{"@id":"https:\/\/schneider-medical.com\/#website"},"datePublished":"2019-05-01T13:58:57+00:00","dateModified":"2019-06-06T15:01:50+00:00","breadcrumb":{"@id":"https:\/\/schneider-medical.com\/fr\/kontakt#breadcrumb"},"inLanguage":"fr-FR","potentialAction":[{"@type":"ReadAction","target":["https:\/\/schneider-medical.com\/fr\/kontakt"]}]},{"@type":"BreadcrumbList","@id":"https:\/\/schneider-medical.com\/fr\/kontakt#breadcrumb","itemListElement":[{"@type":"ListItem","position":1,"name":"Home","item":"https:\/\/schneider-medical.com\/fr"},{"@type":"ListItem","position":2,"name":"Contact"}]},{"@type":"WebSite","@id":"https:\/\/schneider-medical.com\/#website","url":"https:\/\/schneider-medical.com\/","name":"Schneider Medical","description":"Schmerzen lindern und Wohlbefinden mehren","potentialAction":[{"@type":"SearchAction","target":{"@type":"EntryPoint","urlTemplate":"https:\/\/schneider-medical.com\/?s={search_term_string}"},"query-input":{"@type":"PropertyValueSpecification","valueRequired":true,"valueName":"search_term_string"}}],"inLanguage":"fr-FR"}]}},"_links":{"self":[{"href":"https:\/\/schneider-medical.com\/fr\/wp-json\/wp\/v2\/pages\/717","targetHints":{"allow":["GET"]}}],"collection":[{"href":"https:\/\/schneider-medical.com\/fr\/wp-json\/wp\/v2\/pages"}],"about":[{"href":"https:\/\/schneider-medical.com\/fr\/wp-json\/wp\/v2\/types\/page"}],"author":[{"embeddable":true,"href":"https:\/\/schneider-medical.com\/fr\/wp-json\/wp\/v2\/users\/3"}],"replies":[{"embeddable":true,"href":"https:\/\/schneider-medical.com\/fr\/wp-json\/wp\/v2\/comments?post=717"}],"version-history":[{"count":5,"href":"https:\/\/schneider-medical.com\/fr\/wp-json\/wp\/v2\/pages\/717\/revisions"}],"predecessor-version":[{"id":1135,"href":"https:\/\/schneider-medical.com\/fr\/wp-json\/wp\/v2\/pages\/717\/revisions\/1135"}],"wp:attachment":[{"href":"https:\/\/schneider-medical.com\/fr\/wp-json\/wp\/v2\/media?parent=717"}],"curies":[{"name":"wp","href":"https:\/\/api.w.org\/{rel}","templated":true}]}}